{"id":248,"date":"2019-11-13T19:04:00","date_gmt":"2019-11-13T18:04:00","guid":{"rendered":"https:\/\/venez-decrocher-la-dune.fr\/?page_id=248"},"modified":"2026-02-18T10:54:53","modified_gmt":"2026-02-18T09:54:53","slug":"concept","status":"publish","type":"page","link":"https:\/\/venez-decrocher-la-dune.fr\/?page_id=248","title":{"rendered":"Concept"},"content":{"rendered":"\t\t<div data-elementor-type=\"wp-page\" data-elementor-id=\"248\" class=\"elementor elementor-248\">\n\t\t\t\t\t\t<section class=\"elementor-section elementor-top-section elementor-element elementor-element-5820303 elementor-section-boxed elementor-section-height-default elementor-section-height-default\" data-id=\"5820303\" data-element_type=\"section\" data-e-type=\"section\">\n\t\t\t\t\t\t<div class=\"elementor-container elementor-column-gap-default\">\n\t\t\t\t\t<div class=\"elementor-column elementor-col-100 elementor-top-column elementor-element elementor-element-5ac87cf\" data-id=\"5ac87cf\" data-element_type=\"column\" data-e-type=\"column\">\n\t\t\t<div class=\"elementor-widget-wrap elementor-element-populated\">\n\t\t\t\t\t\t<div class=\"elementor-element elementor-element-68bfa6d elementor-widget elementor-widget-text-editor\" data-id=\"68bfa6d\" data-element_type=\"widget\" data-e-type=\"widget\" data-widget_type=\"text-editor.default\">\n\t\t\t\t<div class=\"elementor-widget-container\">\n\t\t\t\t\t\t\t\t\t<p>En 2019, l&rsquo;association des parents d&rsquo;\u00e9l\u00e8ves de Lingreville (APE) recherche de nouvelles id\u00e9es pour financer les projets scolaires. Historiquement, l&rsquo;association organisait la randonn\u00e9e des deux havres qui proposait un circuit de 42km entre le havre de Regn\u00e9ville et de la Vanl\u00e9e \u00e0 travers chemins et dunes : un parcours nature et c\u00f4tier avec des vues magnifiques sur la mer. Il a remport\u00e9 un grand succ\u00e8s durant de nombreuses ann\u00e9es mais les freins administratifs et s\u00e9curitaires se sont multipli\u00e9s et ont rendu trop compliqu\u00e9e l&rsquo;organisation de cet \u00e9v\u00e9nement. C&rsquo;est alors qu&rsquo;est venue l&rsquo;id\u00e9e d&rsquo;un trail, une pratique en vogue.\u00a0<\/p><p>Le trail des dunes est n\u00e9 !\u00a0<\/p><p>Proposant alors en 2019 un trail de 10 et un de 20 km. Ainsi qu&rsquo;une randonn\u00e9e de 10km et des courses enfants.\u00a0<\/p><p>En 2020 nous cr\u00e9ons l&rsquo;\u00e9v\u00e9nement \u00ab\u00a0Venez d\u00e9crocher la dune\u00a0\u00bb. Le concept ne change pas mais nous profitons du succ\u00e8s de la premi\u00e8re \u00e9dition pour int\u00e9grer un semi-marathon tr\u00e8s roulant, qui permettra aux plus sportifs de battre leurs records.\u00a0\u00bb Cette \u00e9dition fut malheureusement annul\u00e9e \u00e0 cause du Covid. Ainsi que son report \u00e0 l&rsquo;automne suivant.\u00a0<\/p><p>En 2021 nous rempla\u00e7ons l&rsquo;\u00e9v\u00e8nement par une \u00e9dition sp\u00e9ciale Covid, individuel : Courez librement qui a eu lieu le 06 juin\u00a0<\/p><p>Enfin apr\u00e8s tant de reports, le 13 mars 2022, \u00ab\u00a0venez d\u00e9crocher la dune\u00a0\u00bb est un v\u00e9ritable succ\u00e8s avec plus de 700 participants !<\/p><p>\u00a0<\/p>\t\t\t\t\t\t\t\t<\/div>\n\t\t\t\t<\/div>\n\t\t\t\t<div class=\"elementor-element elementor-element-691a11f elementor-widget elementor-widget-spacer\" data-id=\"691a11f\" data-element_type=\"widget\" data-e-type=\"widget\" data-widget_type=\"spacer.default\">\n\t\t\t\t<div class=\"elementor-widget-container\">\n\t\t\t\t\t\t\t<div class=\"elementor-spacer\">\n\t\t\t<div class=\"elementor-spacer-inner\"><\/div>\n\t\t<\/div>\n\t\t\t\t\t\t<\/div>\n\t\t\t\t<\/div>\n\t\t\t\t\t<\/div>\n\t\t<\/div>\n\t\t\t\t\t<\/div>\n\t\t<\/section>\n\t\t\t\t<section class=\"elementor-section elementor-top-section elementor-element elementor-element-7e8bb2e elementor-section-boxed elementor-section-height-default elementor-section-height-default\" data-id=\"7e8bb2e\" data-element_type=\"section\" data-e-type=\"section\">\n\t\t\t\t\t\t<div class=\"elementor-container elementor-column-gap-default\">\n\t\t\t\t\t<div class=\"elementor-column elementor-col-33 elementor-top-column elementor-element elementor-element-0bd1778\" data-id=\"0bd1778\" data-element_type=\"column\" data-e-type=\"column\">\n\t\t\t<div class=\"elementor-widget-wrap elementor-element-populated\">\n\t\t\t\t\t\t<div class=\"elementor-element elementor-element-39499a8 elementor-view-framed elementor-shape-circle elementor-widget elementor-widget-icon\" data-id=\"39499a8\" data-element_type=\"widget\" data-e-type=\"widget\" data-widget_type=\"icon.default\">\n\t\t\t\t<div class=\"elementor-widget-container\">\n\t\t\t\t\t\t\t<div class=\"elementor-icon-wrapper\">\n\t\t\t<div class=\"elementor-icon\">\n\t\t\t<i aria-hidden=\"true\" class=\"fas fa-history\"><\/i>\t\t\t<\/div>\n\t\t<\/div>\n\t\t\t\t\t\t<\/div>\n\t\t\t\t<\/div>\n\t\t\t\t\t<\/div>\n\t\t<\/div>\n\t\t\t\t<div class=\"elementor-column elementor-col-66 elementor-top-column elementor-element elementor-element-0761898\" data-id=\"0761898\" data-element_type=\"column\" data-e-type=\"column\">\n\t\t\t<div class=\"elementor-widget-wrap elementor-element-populated\">\n\t\t\t\t\t\t<div class=\"elementor-element elementor-element-f6b9f4b elementor-widget elementor-widget-text-editor\" data-id=\"f6b9f4b\" data-element_type=\"widget\" data-e-type=\"widget\" data-widget_type=\"text-editor.default\">\n\t\t\t\t<div class=\"elementor-widget-container\">\n\t\t\t\t\t\t\t\t\t<p>1998 : cr\u00e9ation de la randonn\u00e9e des deux havres qui fut un \u00e9v\u00e9nement de renom jusqu&rsquo;en 2016 !<\/p><p>2019 : premi\u00e8re \u00e9dition du Trail des dunes.<\/p><p>2020 : cr\u00e9ation de l&rsquo;\u00e9v\u00e9nement : Venez d\u00e9crocher la dune. Annul\u00e9 (covid)<\/p><p>2021 : Edition sp\u00e9ciale : Courez librement !<\/p><p>2022 : 1\u00e8re \u00e9dition au camping des peupliers, un succ\u00e8s avec plus de 700 participants !<\/p><p>2023 : 4\u00e8me \u00e9dition avec plus de 1000 participants.<\/p><p>2024 : Nouveau concept, cr\u00e9ation du \u00ab\u00a0Maradune\u00a0\u00bb<\/p><p>2025 : Retour aux sources sur cette \u00e9dition sans courses mais avec 2 randonn\u00e9es 10 et 26 km.<\/p><p>2026 : Une \u00e9dition compl\u00e8te avec 10km sur route, 18km trail, 5km Color Run, et 2 randonn\u00e9es.<\/p>\t\t\t\t\t\t\t\t<\/div>\n\t\t\t\t<\/div>\n\t\t\t\t\t<\/div>\n\t\t<\/div>\n\t\t\t\t\t<\/div>\n\t\t<\/section>\n\t\t\t\t<section class=\"elementor-section elementor-top-section elementor-element elementor-element-069954d elementor-section-boxed elementor-section-height-default elementor-section-height-default\" data-id=\"069954d\" data-element_type=\"section\" data-e-type=\"section\">\n\t\t\t\t\t\t<div class=\"elementor-container elementor-column-gap-default\">\n\t\t\t\t\t<div class=\"elementor-column elementor-col-100 elementor-top-column elementor-element elementor-element-7b1a6ec\" data-id=\"7b1a6ec\" data-element_type=\"column\" data-e-type=\"column\">\n\t\t\t<div class=\"elementor-widget-wrap elementor-element-populated\">\n\t\t\t\t\t\t<div class=\"elementor-element elementor-element-6722e25 elementor-widget elementor-widget-text-editor\" data-id=\"6722e25\" data-element_type=\"widget\" data-e-type=\"widget\" data-widget_type=\"text-editor.default\">\n\t\t\t\t<div class=\"elementor-widget-container\">\n\t\t\t\t\t\t\t\t\t<p style=\"text-align: center;\">Suivez-nous<\/p>\t\t\t\t\t\t\t\t<\/div>\n\t\t\t\t<\/div>\n\t\t\t\t<div class=\"elementor-element elementor-element-7f6a952 elementor-widget elementor-widget-spacer\" data-id=\"7f6a952\" data-element_type=\"widget\" data-e-type=\"widget\" data-widget_type=\"spacer.default\">\n\t\t\t\t<div class=\"elementor-widget-container\">\n\t\t\t\t\t\t\t<div class=\"elementor-spacer\">\n\t\t\t<div class=\"elementor-spacer-inner\"><\/div>\n\t\t<\/div>\n\t\t\t\t\t\t<\/div>\n\t\t\t\t<\/div>\n\t\t\t\t<div class=\"elementor-element elementor-element-2b949f6 elementor-shape-rounded elementor-grid-0 e-grid-align-center elementor-widget elementor-widget-social-icons\" data-id=\"2b949f6\" data-element_type=\"widget\" data-e-type=\"widget\" data-settings=\"{&quot;_animation&quot;:&quot;none&quot;}\" data-widget_type=\"social-icons.default\">\n\t\t\t\t<div class=\"elementor-widget-container\">\n\t\t\t\t\t\t\t<div class=\"elementor-social-icons-wrapper elementor-grid\">\n\t\t\t\t\t\t\t<span class=\"elementor-grid-item\">\n\t\t\t\t\t<a class=\"elementor-icon elementor-social-icon elementor-social-icon-facebook elementor-animation-pulse elementor-repeater-item-4b9d849\" href=\"https:\/\/www.facebook.com\/traildesdunes\" target=\"_blank\">\n\t\t\t\t\t\t<span class=\"elementor-screen-only\">Facebook<\/span>\n\t\t\t\t\t\t<i aria-hidden=\"true\" class=\"fab fa-facebook\"><\/i>\t\t\t\t\t<\/a>\n\t\t\t\t<\/span>\n\t\t\t\t\t<\/div>\n\t\t\t\t\t\t<\/div>\n\t\t\t\t<\/div>\n\t\t\t\t<div class=\"elementor-element elementor-element-81ff0f0 elementor-widget elementor-widget-spacer\" data-id=\"81ff0f0\" data-element_type=\"widget\" data-e-type=\"widget\" data-widget_type=\"spacer.default\">\n\t\t\t\t<div class=\"elementor-widget-container\">\n\t\t\t\t\t\t\t<div class=\"elementor-spacer\">\n\t\t\t<div class=\"elementor-spacer-inner\"><\/div>\n\t\t<\/div>\n\t\t\t\t\t\t<\/div>\n\t\t\t\t<\/div>\n\t\t\t\t\t<\/div>\n\t\t<\/div>\n\t\t\t\t\t<\/div>\n\t\t<\/section>\n\t\t\t\t<\/div>\n\t\t","protected":false},"excerpt":{"rendered":"<p>En 2019, l&rsquo;association des parents d&rsquo;\u00e9l\u00e8ves de Lingreville (APE) recherche de nouvelles id\u00e9es pour financer les projets scolaires. Historiquement, l&rsquo;association organisait la randonn\u00e9e des deux havres qui proposait un circuit de 42km entre le havre de Regn\u00e9ville et de la Vanl\u00e9e \u00e0 travers chemins et dunes : un parcours nature et c\u00f4tier avec des vues&hellip; <br \/> <a class=\"read-more\" href=\"https:\/\/venez-decrocher-la-dune.fr\/?page_id=248\">Lire la suite<\/a><\/p>\n","protected":false},"author":1,"featured_media":0,"parent":0,"menu_order":0,"comment_status":"closed","ping_status":"closed","template":"","meta":{"footnotes":""},"class_list":["post-248","page","type-page","status-publish","hentry"],"yoast_head":"<!-- This site is optimized with the Yoast SEO plugin v27.4 - https:\/\/yoast.com\/product\/yoast-seo-wordpress\/ -->\n<title>Concept - Venez d\u00e9crocher la dune<\/title>\n<meta name=\"robots\" content=\"index, follow, max-snippet:-1, max-image-preview:large, max-video-preview:-1\" \/>\n<link rel=\"canonical\" href=\"https:\/\/venez-decrocher-la-dune.fr\/?page_id=248\" \/>\n<meta property=\"og:locale\" content=\"fr_FR\" \/>\n<meta property=\"og:type\" content=\"article\" \/>\n<meta property=\"og:title\" content=\"Concept - Venez d\u00e9crocher la dune\" \/>\n<meta property=\"og:description\" content=\"En 2019, l&rsquo;association des parents d&rsquo;\u00e9l\u00e8ves de Lingreville (APE) recherche de nouvelles id\u00e9es pour financer les projets scolaires. Historiquement, l&rsquo;association organisait la randonn\u00e9e des deux havres qui proposait un circuit de 42km entre le havre de Regn\u00e9ville et de la Vanl\u00e9e \u00e0 travers chemins et dunes : un parcours nature et c\u00f4tier avec des vues&hellip; Lire la suite\" \/>\n<meta property=\"og:url\" content=\"https:\/\/venez-decrocher-la-dune.fr\/?page_id=248\" \/>\n<meta property=\"og:site_name\" content=\"Venez d\u00e9crocher la dune\" \/>\n<meta property=\"article:modified_time\" content=\"2026-02-18T09:54:53+00:00\" \/>\n<meta name=\"twitter:card\" content=\"summary_large_image\" \/>\n<meta name=\"twitter:label1\" content=\"Dur\u00e9e de lecture estim\u00e9e\" \/>\n\t<meta name=\"twitter:data1\" content=\"2 minutes\" \/>\n<script type=\"application\/ld+json\" class=\"yoast-schema-graph\">{\"@context\":\"https:\\\/\\\/schema.org\",\"@graph\":[{\"@type\":\"WebPage\",\"@id\":\"https:\\\/\\\/venez-decrocher-la-dune.fr\\\/?page_id=248\",\"url\":\"https:\\\/\\\/venez-decrocher-la-dune.fr\\\/?page_id=248\",\"name\":\"Concept - Venez d\u00e9crocher la dune\",\"isPartOf\":{\"@id\":\"https:\\\/\\\/venez-decrocher-la-dune.fr\\\/#website\"},\"datePublished\":\"2019-11-13T18:04:00+00:00\",\"dateModified\":\"2026-02-18T09:54:53+00:00\",\"breadcrumb\":{\"@id\":\"https:\\\/\\\/venez-decrocher-la-dune.fr\\\/?page_id=248#breadcrumb\"},\"inLanguage\":\"fr-FR\",\"potentialAction\":[{\"@type\":\"ReadAction\",\"target\":[\"https:\\\/\\\/venez-decrocher-la-dune.fr\\\/?page_id=248\"]}]},{\"@type\":\"BreadcrumbList\",\"@id\":\"https:\\\/\\\/venez-decrocher-la-dune.fr\\\/?page_id=248#breadcrumb\",\"itemListElement\":[{\"@type\":\"ListItem\",\"position\":1,\"name\":\"Accueil\",\"item\":\"https:\\\/\\\/venez-decrocher-la-dune.fr\\\/\"},{\"@type\":\"ListItem\",\"position\":2,\"name\":\"Concept\"}]},{\"@type\":\"WebSite\",\"@id\":\"https:\\\/\\\/venez-decrocher-la-dune.fr\\\/#website\",\"url\":\"https:\\\/\\\/venez-decrocher-la-dune.fr\\\/\",\"name\":\"Venez d\u00e9crocher la dune\",\"description\":\"Trail, randonn\u00e9e et semi-marathon entre dunes et havres\",\"publisher\":{\"@id\":\"https:\\\/\\\/venez-decrocher-la-dune.fr\\\/#organization\"},\"potentialAction\":[{\"@type\":\"SearchAction\",\"target\":{\"@type\":\"EntryPoint\",\"urlTemplate\":\"https:\\\/\\\/venez-decrocher-la-dune.fr\\\/?s={search_term_string}\"},\"query-input\":{\"@type\":\"PropertyValueSpecification\",\"valueRequired\":true,\"valueName\":\"search_term_string\"}}],\"inLanguage\":\"fr-FR\"},{\"@type\":\"Organization\",\"@id\":\"https:\\\/\\\/venez-decrocher-la-dune.fr\\\/#organization\",\"name\":\"Venez d\u00e9crocher la dune\",\"url\":\"https:\\\/\\\/venez-decrocher-la-dune.fr\\\/\",\"logo\":{\"@type\":\"ImageObject\",\"inLanguage\":\"fr-FR\",\"@id\":\"https:\\\/\\\/venez-decrocher-la-dune.fr\\\/#\\\/schema\\\/logo\\\/image\\\/\",\"url\":\"https:\\\/\\\/venez-decrocher-la-dune.fr\\\/wp-content\\\/uploads\\\/2019\\\/11\\\/cropped-logobleu.-2.jpg\",\"contentUrl\":\"https:\\\/\\\/venez-decrocher-la-dune.fr\\\/wp-content\\\/uploads\\\/2019\\\/11\\\/cropped-logobleu.-2.jpg\",\"width\":3507,\"height\":1658,\"caption\":\"Venez d\u00e9crocher la dune\"},\"image\":{\"@id\":\"https:\\\/\\\/venez-decrocher-la-dune.fr\\\/#\\\/schema\\\/logo\\\/image\\\/\"}}]}<\/script>\n<!-- \/ Yoast SEO plugin. -->","yoast_head_json":{"title":"Concept - Venez d\u00e9crocher la dune","robots":{"index":"index","follow":"follow","max-snippet":"max-snippet:-1","max-image-preview":"max-image-preview:large","max-video-preview":"max-video-preview:-1"},"canonical":"https:\/\/venez-decrocher-la-dune.fr\/?page_id=248","og_locale":"fr_FR","og_type":"article","og_title":"Concept - Venez d\u00e9crocher la dune","og_description":"En 2019, l&rsquo;association des parents d&rsquo;\u00e9l\u00e8ves de Lingreville (APE) recherche de nouvelles id\u00e9es pour financer les projets scolaires. Historiquement, l&rsquo;association organisait la randonn\u00e9e des deux havres qui proposait un circuit de 42km entre le havre de Regn\u00e9ville et de la Vanl\u00e9e \u00e0 travers chemins et dunes : un parcours nature et c\u00f4tier avec des vues&hellip; Lire la suite","og_url":"https:\/\/venez-decrocher-la-dune.fr\/?page_id=248","og_site_name":"Venez d\u00e9crocher la dune","article_modified_time":"2026-02-18T09:54:53+00:00","twitter_card":"summary_large_image","twitter_misc":{"Dur\u00e9e de lecture estim\u00e9e":"2 minutes"},"schema":{"@context":"https:\/\/schema.org","@graph":[{"@type":"WebPage","@id":"https:\/\/venez-decrocher-la-dune.fr\/?page_id=248","url":"https:\/\/venez-decrocher-la-dune.fr\/?page_id=248","name":"Concept - Venez d\u00e9crocher la dune","isPartOf":{"@id":"https:\/\/venez-decrocher-la-dune.fr\/#website"},"datePublished":"2019-11-13T18:04:00+00:00","dateModified":"2026-02-18T09:54:53+00:00","breadcrumb":{"@id":"https:\/\/venez-decrocher-la-dune.fr\/?page_id=248#breadcrumb"},"inLanguage":"fr-FR","potentialAction":[{"@type":"ReadAction","target":["https:\/\/venez-decrocher-la-dune.fr\/?page_id=248"]}]},{"@type":"BreadcrumbList","@id":"https:\/\/venez-decrocher-la-dune.fr\/?page_id=248#breadcrumb","itemListElement":[{"@type":"ListItem","position":1,"name":"Accueil","item":"https:\/\/venez-decrocher-la-dune.fr\/"},{"@type":"ListItem","position":2,"name":"Concept"}]},{"@type":"WebSite","@id":"https:\/\/venez-decrocher-la-dune.fr\/#website","url":"https:\/\/venez-decrocher-la-dune.fr\/","name":"Venez d\u00e9crocher la dune","description":"Trail, randonn\u00e9e et semi-marathon entre dunes et havres","publisher":{"@id":"https:\/\/venez-decrocher-la-dune.fr\/#organization"},"potentialAction":[{"@type":"SearchAction","target":{"@type":"EntryPoint","urlTemplate":"https:\/\/venez-decrocher-la-dune.fr\/?s={search_term_string}"},"query-input":{"@type":"PropertyValueSpecification","valueRequired":true,"valueName":"search_term_string"}}],"inLanguage":"fr-FR"},{"@type":"Organization","@id":"https:\/\/venez-decrocher-la-dune.fr\/#organization","name":"Venez d\u00e9crocher la dune","url":"https:\/\/venez-decrocher-la-dune.fr\/","logo":{"@type":"ImageObject","inLanguage":"fr-FR","@id":"https:\/\/venez-decrocher-la-dune.fr\/#\/schema\/logo\/image\/","url":"https:\/\/venez-decrocher-la-dune.fr\/wp-content\/uploads\/2019\/11\/cropped-logobleu.-2.jpg","contentUrl":"https:\/\/venez-decrocher-la-dune.fr\/wp-content\/uploads\/2019\/11\/cropped-logobleu.-2.jpg","width":3507,"height":1658,"caption":"Venez d\u00e9crocher la dune"},"image":{"@id":"https:\/\/venez-decrocher-la-dune.fr\/#\/schema\/logo\/image\/"}}]}},"_links":{"self":[{"href":"https:\/\/venez-decrocher-la-dune.fr\/index.php?rest_route=\/wp\/v2\/pages\/248","targetHints":{"allow":["GET"]}}],"collection":[{"href":"https:\/\/venez-decrocher-la-dune.fr\/index.php?rest_route=\/wp\/v2\/pages"}],"about":[{"href":"https:\/\/venez-decrocher-la-dune.fr\/index.php?rest_route=\/wp\/v2\/types\/page"}],"author":[{"embeddable":true,"href":"https:\/\/venez-decrocher-la-dune.fr\/index.php?rest_route=\/wp\/v2\/users\/1"}],"replies":[{"embeddable":true,"href":"https:\/\/venez-decrocher-la-dune.fr\/index.php?rest_route=%2Fwp%2Fv2%2Fcomments&post=248"}],"version-history":[{"count":43,"href":"https:\/\/venez-decrocher-la-dune.fr\/index.php?rest_route=\/wp\/v2\/pages\/248\/revisions"}],"predecessor-version":[{"id":3315,"href":"https:\/\/venez-decrocher-la-dune.fr\/index.php?rest_route=\/wp\/v2\/pages\/248\/revisions\/3315"}],"wp:attachment":[{"href":"https:\/\/venez-decrocher-la-dune.fr\/index.php?rest_route=%2Fwp%2Fv2%2Fmedia&parent=248"}],"curies":[{"name":"wp","href":"https:\/\/api.w.org\/{rel}","templated":true}]}}