{"id":3157,"date":"2024-02-12T13:00:36","date_gmt":"2024-02-12T12:00:36","guid":{"rendered":"https:\/\/venez-decrocher-la-dune.fr\/?page_id=3157"},"modified":"2024-02-18T19:45:01","modified_gmt":"2024-02-18T18:45:01","slug":"maradune","status":"publish","type":"page","link":"https:\/\/venez-decrocher-la-dune.fr\/?page_id=3157","title":{"rendered":"Maradune"},"content":{"rendered":"\t\t<div data-elementor-type=\"wp-page\" data-elementor-id=\"3157\" class=\"elementor elementor-3157\">\n\t\t\t\t\t\t<section class=\"elementor-section elementor-top-section elementor-element elementor-element-7270dc6 elementor-section-boxed elementor-section-height-default elementor-section-height-default\" data-id=\"7270dc6\" data-element_type=\"section\" data-e-type=\"section\">\n\t\t\t\t\t\t<div class=\"elementor-container elementor-column-gap-default\">\n\t\t\t\t\t<div class=\"elementor-column elementor-col-100 elementor-top-column elementor-element elementor-element-07da147\" data-id=\"07da147\" data-element_type=\"column\" data-e-type=\"column\">\n\t\t\t<div class=\"elementor-widget-wrap elementor-element-populated\">\n\t\t\t\t\t\t<div class=\"elementor-element elementor-element-12d6262 elementor-widget elementor-widget-image\" data-id=\"12d6262\" data-element_type=\"widget\" data-e-type=\"widget\" data-widget_type=\"image.default\">\n\t\t\t\t<div class=\"elementor-widget-container\">\n\t\t\t\t\t\t\t\t\t\t\t\t\t\t\t<img fetchpriority=\"high\" decoding=\"async\" width=\"768\" height=\"543\" src=\"https:\/\/venez-decrocher-la-dune.fr\/wp-content\/uploads\/2024\/02\/Maradune-logo-2-768x543.jpg\" class=\"attachment-medium_large size-medium_large wp-image-3159\" alt=\"\" srcset=\"https:\/\/venez-decrocher-la-dune.fr\/wp-content\/uploads\/2024\/02\/Maradune-logo-2-768x543.jpg 768w, https:\/\/venez-decrocher-la-dune.fr\/wp-content\/uploads\/2024\/02\/Maradune-logo-2-300x212.jpg 300w, https:\/\/venez-decrocher-la-dune.fr\/wp-content\/uploads\/2024\/02\/Maradune-logo-2-1024x724.jpg 1024w, https:\/\/venez-decrocher-la-dune.fr\/wp-content\/uploads\/2024\/02\/Maradune-logo-2.jpg 1191w\" sizes=\"(max-width: 768px) 100vw, 768px\" \/>\t\t\t\t\t\t\t\t\t\t\t\t\t\t\t<\/div>\n\t\t\t\t<\/div>\n\t\t\t\t<div class=\"elementor-element elementor-element-4dbca78 elementor-widget elementor-widget-spacer\" data-id=\"4dbca78\" data-element_type=\"widget\" data-e-type=\"widget\" data-widget_type=\"spacer.default\">\n\t\t\t\t<div class=\"elementor-widget-container\">\n\t\t\t\t\t\t\t<div class=\"elementor-spacer\">\n\t\t\t<div class=\"elementor-spacer-inner\"><\/div>\n\t\t<\/div>\n\t\t\t\t\t\t<\/div>\n\t\t\t\t<\/div>\n\t\t\t\t<div class=\"elementor-element elementor-element-ab3807b elementor-widget elementor-widget-counter\" data-id=\"ab3807b\" data-element_type=\"widget\" data-e-type=\"widget\" data-widget_type=\"counter.default\">\n\t\t\t\t<div class=\"elementor-widget-container\">\n\t\t\t\t\t\t\t<div class=\"elementor-counter\">\n\t\t\t<div class=\"elementor-counter-title\">Kilom\u00e8tres<\/div>\t\t\t<div class=\"elementor-counter-number-wrapper\">\n\t\t\t\t<span class=\"elementor-counter-number-prefix\"><\/span>\n\t\t\t\t<span class=\"elementor-counter-number\" data-duration=\"3000\" data-to-value=\"42.1\" data-from-value=\"0\" data-delimiter=\",\">0<\/span>\n\t\t\t\t<span class=\"elementor-counter-number-suffix\"><\/span>\n\t\t\t<\/div>\n\t\t<\/div>\n\t\t\t\t\t\t<\/div>\n\t\t\t\t<\/div>\n\t\t\t\t\t<\/div>\n\t\t<\/div>\n\t\t\t\t\t<\/div>\n\t\t<\/section>\n\t\t\t\t<section class=\"elementor-section elementor-top-section elementor-element elementor-element-849043a elementor-section-boxed elementor-section-height-default elementor-section-height-default\" data-id=\"849043a\" data-element_type=\"section\" data-e-type=\"section\">\n\t\t\t\t\t\t<div class=\"elementor-container elementor-column-gap-default\">\n\t\t\t\t\t<div class=\"elementor-column elementor-col-50 elementor-top-column elementor-element elementor-element-eeca2e9\" data-id=\"eeca2e9\" data-element_type=\"column\" data-e-type=\"column\">\n\t\t\t<div class=\"elementor-widget-wrap elementor-element-populated\">\n\t\t\t\t\t\t<div class=\"elementor-element elementor-element-b73c4e5 elementor-widget elementor-widget-image\" data-id=\"b73c4e5\" data-element_type=\"widget\" data-e-type=\"widget\" data-widget_type=\"image.default\">\n\t\t\t\t<div class=\"elementor-widget-container\">\n\t\t\t\t\t\t\t\t\t\t\t\t\t\t\t<img decoding=\"async\" width=\"979\" height=\"579\" src=\"https:\/\/venez-decrocher-la-dune.fr\/wp-content\/uploads\/2024\/02\/Parcours-10km-1.jpg\" class=\"attachment-large size-large wp-image-3248\" alt=\"\" srcset=\"https:\/\/venez-decrocher-la-dune.fr\/wp-content\/uploads\/2024\/02\/Parcours-10km-1.jpg 979w, https:\/\/venez-decrocher-la-dune.fr\/wp-content\/uploads\/2024\/02\/Parcours-10km-1-300x177.jpg 300w, https:\/\/venez-decrocher-la-dune.fr\/wp-content\/uploads\/2024\/02\/Parcours-10km-1-768x454.jpg 768w\" sizes=\"(max-width: 979px) 100vw, 979px\" \/>\t\t\t\t\t\t\t\t\t\t\t\t\t\t\t<\/div>\n\t\t\t\t<\/div>\n\t\t\t\t\t<\/div>\n\t\t<\/div>\n\t\t\t\t<div class=\"elementor-column elementor-col-50 elementor-top-column elementor-element elementor-element-0f1cf32\" data-id=\"0f1cf32\" data-element_type=\"column\" data-e-type=\"column\">\n\t\t\t<div class=\"elementor-widget-wrap elementor-element-populated\">\n\t\t\t\t\t\t<div class=\"elementor-element elementor-element-a29f7fd elementor-widget elementor-widget-text-editor\" data-id=\"a29f7fd\" data-element_type=\"widget\" data-e-type=\"widget\" data-widget_type=\"text-editor.default\">\n\t\t\t\t<div class=\"elementor-widget-container\">\n\t\t\t\t\t\t\t\t\t<p>Pour ceux qui ont envie de r\u00e9aliser une course longue, seul ou en \u00e9quipe dans une ambiance conviviale et festive sur une distance marathon mais avec un format trail tr\u00e8s roulant et au rev\u00eatement vari\u00e9.\u00a0<\/p><p>4 boucles \u00e0 r\u00e9aliser entre dunes, chemins, plage et routes.\u00a0<\/p><p>Possibilit\u00e9 de le faire en duo 2x21km<\/p><p>Mais aussi en relais de 4 personnes 4 x 10,5 km pour ceux qui souhaitent rester sur de courtes distances et jouer la vitesse ou tout simplement ne se sentent pas de faire plus et veulent s&rsquo;amuser entre amis ou en famille !<\/p><p>Qu&rsquo;importe votre niveau, vos capacit\u00e9s ou vos envies, il y en a pour tout le monde avec le Maradune.\u00a0<\/p><p>1 ravitaillement tout les 5 km<\/p><p>Offert : une m\u00e9daille finisher<\/p>\t\t\t\t\t\t\t\t<\/div>\n\t\t\t\t<\/div>\n\t\t\t\t\t<\/div>\n\t\t<\/div>\n\t\t\t\t\t<\/div>\n\t\t<\/section>\n\t\t\t\t<section class=\"elementor-section elementor-top-section elementor-element elementor-element-67648a3 elementor-section-boxed elementor-section-height-default elementor-section-height-default\" data-id=\"67648a3\" data-element_type=\"section\" data-e-type=\"section\">\n\t\t\t\t\t\t<div class=\"elementor-container elementor-column-gap-default\">\n\t\t\t\t\t<div class=\"elementor-column elementor-col-100 elementor-top-column elementor-element elementor-element-096b24a\" data-id=\"096b24a\" data-element_type=\"column\" data-e-type=\"column\">\n\t\t\t<div class=\"elementor-widget-wrap elementor-element-populated\">\n\t\t\t\t\t\t<div class=\"elementor-element elementor-element-82c8af5 elementor-widget elementor-widget-heading\" data-id=\"82c8af5\" data-element_type=\"widget\" data-e-type=\"widget\" data-widget_type=\"heading.default\">\n\t\t\t\t<div class=\"elementor-widget-container\">\n\t\t\t\t\t<h3 class=\"elementor-heading-title elementor-size-default\"><a href=\"https:\/\/www.openrunner.com\/route-details\/18317188\" target=\"_blank\">Plus d'info sur le parcours en cliquant ici<\/a><\/h3>\t\t\t\t<\/div>\n\t\t\t\t<\/div>\n\t\t\t\t\t<\/div>\n\t\t<\/div>\n\t\t\t\t\t<\/div>\n\t\t<\/section>\n\t\t\t\t<section class=\"elementor-section elementor-top-section elementor-element elementor-element-bd306a3 elementor-section-boxed elementor-section-height-default elementor-section-height-default\" data-id=\"bd306a3\" data-element_type=\"section\" data-e-type=\"section\">\n\t\t\t\t\t\t<div class=\"elementor-container elementor-column-gap-default\">\n\t\t\t\t\t<div class=\"elementor-column elementor-col-100 elementor-top-column elementor-element elementor-element-bd5d734\" data-id=\"bd5d734\" data-element_type=\"column\" data-e-type=\"column\">\n\t\t\t<div class=\"elementor-widget-wrap\">\n\t\t\t\t\t\t\t<\/div>\n\t\t<\/div>\n\t\t\t\t\t<\/div>\n\t\t<\/section>\n\t\t\t\t<section class=\"elementor-section elementor-top-section elementor-element elementor-element-60a2116 elementor-section-boxed elementor-section-height-default elementor-section-height-default\" data-id=\"60a2116\" data-element_type=\"section\" data-e-type=\"section\">\n\t\t\t\t\t\t<div class=\"elementor-container elementor-column-gap-default\">\n\t\t\t\t\t<div class=\"elementor-column elementor-col-100 elementor-top-column elementor-element elementor-element-65e8952\" data-id=\"65e8952\" data-element_type=\"column\" data-e-type=\"column\">\n\t\t\t<div class=\"elementor-widget-wrap elementor-element-populated\">\n\t\t\t\t\t\t<div class=\"elementor-element elementor-element-2fe5f90 elementor-button-info elementor-align-center elementor-invisible elementor-widget elementor-widget-button\" data-id=\"2fe5f90\" data-element_type=\"widget\" data-e-type=\"widget\" data-settings=\"{&quot;_animation&quot;:&quot;fadeInLeft&quot;}\" data-widget_type=\"button.default\">\n\t\t\t\t<div class=\"elementor-widget-container\">\n\t\t\t\t\t\t\t\t\t<div class=\"elementor-button-wrapper\">\n\t\t\t\t\t<a class=\"elementor-button elementor-button-link elementor-size-lg\" href=\"https:\/\/ultratiming.ledossard.com\/inscription\/index.php?id=2246&#038;fbclid=IwAR1PZyGiNNcI18sDQs4F_1iFqWw_bDgjQHEZMcvztuk3NHIQuXqmjKjC4F0\" target=\"_blank\">\n\t\t\t\t\t\t<span class=\"elementor-button-content-wrapper\">\n\t\t\t\t\t\t\t\t\t<span class=\"elementor-button-text\">S'inscrire<\/span>\n\t\t\t\t\t<\/span>\n\t\t\t\t\t<\/a>\n\t\t\t\t<\/div>\n\t\t\t\t\t\t\t\t<\/div>\n\t\t\t\t<\/div>\n\t\t\t\t\t<\/div>\n\t\t<\/div>\n\t\t\t\t\t<\/div>\n\t\t<\/section>\n\t\t\t\t<section class=\"elementor-section elementor-top-section elementor-element elementor-element-e243116 elementor-section-boxed elementor-section-height-default elementor-section-height-default\" data-id=\"e243116\" data-element_type=\"section\" data-e-type=\"section\">\n\t\t\t\t\t\t<div class=\"elementor-container elementor-column-gap-default\">\n\t\t\t\t\t<div class=\"elementor-column elementor-col-100 elementor-top-column elementor-element elementor-element-2a9d525\" data-id=\"2a9d525\" data-element_type=\"column\" data-e-type=\"column\">\n\t\t\t<div class=\"elementor-widget-wrap elementor-element-populated\">\n\t\t\t\t\t\t<div class=\"elementor-element elementor-element-83300a3 elementor-widget elementor-widget-spacer\" data-id=\"83300a3\" data-element_type=\"widget\" data-e-type=\"widget\" data-widget_type=\"spacer.default\">\n\t\t\t\t<div class=\"elementor-widget-container\">\n\t\t\t\t\t\t\t<div class=\"elementor-spacer\">\n\t\t\t<div class=\"elementor-spacer-inner\"><\/div>\n\t\t<\/div>\n\t\t\t\t\t\t<\/div>\n\t\t\t\t<\/div>\n\t\t\t\t<div class=\"elementor-element elementor-element-52d3e0f elementor-widget elementor-widget-text-editor\" data-id=\"52d3e0f\" data-element_type=\"widget\" data-e-type=\"widget\" data-widget_type=\"text-editor.default\">\n\t\t\t\t<div class=\"elementor-widget-container\">\n\t\t\t\t\t\t\t\t\t<p style=\"text-align: center;\">Suivez-nous<\/p>\t\t\t\t\t\t\t\t<\/div>\n\t\t\t\t<\/div>\n\t\t\t\t<div class=\"elementor-element elementor-element-96963ef elementor-shape-rounded elementor-grid-0 e-grid-align-center elementor-widget elementor-widget-social-icons\" data-id=\"96963ef\" data-element_type=\"widget\" data-e-type=\"widget\" data-settings=\"{&quot;_animation&quot;:&quot;none&quot;}\" data-widget_type=\"social-icons.default\">\n\t\t\t\t<div class=\"elementor-widget-container\">\n\t\t\t\t\t\t\t<div class=\"elementor-social-icons-wrapper elementor-grid\">\n\t\t\t\t\t\t\t<span class=\"elementor-grid-item\">\n\t\t\t\t\t<a class=\"elementor-icon elementor-social-icon elementor-social-icon-facebook elementor-animation-pulse elementor-repeater-item-4b9d849\" href=\"https:\/\/www.facebook.com\/traildesdunes\" target=\"_blank\">\n\t\t\t\t\t\t<span class=\"elementor-screen-only\">Facebook<\/span>\n\t\t\t\t\t\t<i aria-hidden=\"true\" class=\"fab fa-facebook\"><\/i>\t\t\t\t\t<\/a>\n\t\t\t\t<\/span>\n\t\t\t\t\t<\/div>\n\t\t\t\t\t\t<\/div>\n\t\t\t\t<\/div>\n\t\t\t\t<div class=\"elementor-element elementor-element-c2aec65 elementor-widget elementor-widget-spacer\" data-id=\"c2aec65\" data-element_type=\"widget\" data-e-type=\"widget\" data-widget_type=\"spacer.default\">\n\t\t\t\t<div class=\"elementor-widget-container\">\n\t\t\t\t\t\t\t<div class=\"elementor-spacer\">\n\t\t\t<div class=\"elementor-spacer-inner\"><\/div>\n\t\t<\/div>\n\t\t\t\t\t\t<\/div>\n\t\t\t\t<\/div>\n\t\t\t\t\t<\/div>\n\t\t<\/div>\n\t\t\t\t\t<\/div>\n\t\t<\/section>\n\t\t\t\t<\/div>\n\t\t","protected":false},"excerpt":{"rendered":"<p>0 Kilom\u00e8tres Pour ceux qui ont envie de r\u00e9aliser une course longue, seul ou en \u00e9quipe dans une ambiance conviviale et festive sur une distance marathon mais avec un format trail tr\u00e8s roulant et au rev\u00eatement vari\u00e9.\u00a0 4 boucles \u00e0 r\u00e9aliser entre dunes, chemins, plage et routes.\u00a0 Possibilit\u00e9 de le faire en duo 2x21km Mais&hellip; <br \/> <a class=\"read-more\" href=\"https:\/\/venez-decrocher-la-dune.fr\/?page_id=3157\">Lire la suite<\/a><\/p>\n","protected":false},"author":1,"featured_media":0,"parent":0,"menu_order":0,"comment_status":"closed","ping_status":"closed","template":"","meta":{"footnotes":""},"class_list":["post-3157","page","type-page","status-publish","hentry"],"yoast_head":"<!-- This site is optimized with the Yoast SEO plugin v27.3 - https:\/\/yoast.com\/product\/yoast-seo-wordpress\/ -->\n<title>Maradune - Venez d\u00e9crocher la dune<\/title>\n<meta name=\"robots\" content=\"index, follow, max-snippet:-1, max-image-preview:large, max-video-preview:-1\" \/>\n<link rel=\"canonical\" href=\"https:\/\/venez-decrocher-la-dune.fr\/?page_id=3157\" \/>\n<meta property=\"og:locale\" content=\"fr_FR\" \/>\n<meta property=\"og:type\" content=\"article\" \/>\n<meta property=\"og:title\" content=\"Maradune - Venez d\u00e9crocher la dune\" \/>\n<meta property=\"og:description\" content=\"0 Kilom\u00e8tres Pour ceux qui ont envie de r\u00e9aliser une course longue, seul ou en \u00e9quipe dans une ambiance conviviale et festive sur une distance marathon mais avec un format trail tr\u00e8s roulant et au rev\u00eatement vari\u00e9.\u00a0 4 boucles \u00e0 r\u00e9aliser entre dunes, chemins, plage et routes.\u00a0 Possibilit\u00e9 de le faire en duo 2x21km Mais&hellip; Lire la suite\" \/>\n<meta property=\"og:url\" content=\"https:\/\/venez-decrocher-la-dune.fr\/?page_id=3157\" \/>\n<meta property=\"og:site_name\" content=\"Venez d\u00e9crocher la dune\" \/>\n<meta property=\"article:modified_time\" content=\"2024-02-18T18:45:01+00:00\" \/>\n<meta property=\"og:image\" content=\"https:\/\/venez-decrocher-la-dune.fr\/wp-content\/uploads\/2024\/02\/Maradune-logo-2-768x543.jpg\" \/>\n<meta name=\"twitter:card\" content=\"summary_large_image\" \/>\n<meta name=\"twitter:label1\" content=\"Dur\u00e9e de lecture estim\u00e9e\" \/>\n\t<meta name=\"twitter:data1\" content=\"2 minutes\" \/>\n<script type=\"application\/ld+json\" class=\"yoast-schema-graph\">{\"@context\":\"https:\\\/\\\/schema.org\",\"@graph\":[{\"@type\":\"WebPage\",\"@id\":\"https:\\\/\\\/venez-decrocher-la-dune.fr\\\/?page_id=3157\",\"url\":\"https:\\\/\\\/venez-decrocher-la-dune.fr\\\/?page_id=3157\",\"name\":\"Maradune - Venez d\u00e9crocher la dune\",\"isPartOf\":{\"@id\":\"https:\\\/\\\/venez-decrocher-la-dune.fr\\\/#website\"},\"primaryImageOfPage\":{\"@id\":\"https:\\\/\\\/venez-decrocher-la-dune.fr\\\/?page_id=3157#primaryimage\"},\"image\":{\"@id\":\"https:\\\/\\\/venez-decrocher-la-dune.fr\\\/?page_id=3157#primaryimage\"},\"thumbnailUrl\":\"https:\\\/\\\/venez-decrocher-la-dune.fr\\\/wp-content\\\/uploads\\\/2024\\\/02\\\/Maradune-logo-2-768x543.jpg\",\"datePublished\":\"2024-02-12T12:00:36+00:00\",\"dateModified\":\"2024-02-18T18:45:01+00:00\",\"breadcrumb\":{\"@id\":\"https:\\\/\\\/venez-decrocher-la-dune.fr\\\/?page_id=3157#breadcrumb\"},\"inLanguage\":\"fr-FR\",\"potentialAction\":[{\"@type\":\"ReadAction\",\"target\":[\"https:\\\/\\\/venez-decrocher-la-dune.fr\\\/?page_id=3157\"]}]},{\"@type\":\"ImageObject\",\"inLanguage\":\"fr-FR\",\"@id\":\"https:\\\/\\\/venez-decrocher-la-dune.fr\\\/?page_id=3157#primaryimage\",\"url\":\"https:\\\/\\\/venez-decrocher-la-dune.fr\\\/wp-content\\\/uploads\\\/2024\\\/02\\\/Maradune-logo-2.jpg\",\"contentUrl\":\"https:\\\/\\\/venez-decrocher-la-dune.fr\\\/wp-content\\\/uploads\\\/2024\\\/02\\\/Maradune-logo-2.jpg\",\"width\":1191,\"height\":842},{\"@type\":\"BreadcrumbList\",\"@id\":\"https:\\\/\\\/venez-decrocher-la-dune.fr\\\/?page_id=3157#breadcrumb\",\"itemListElement\":[{\"@type\":\"ListItem\",\"position\":1,\"name\":\"Accueil\",\"item\":\"https:\\\/\\\/venez-decrocher-la-dune.fr\\\/\"},{\"@type\":\"ListItem\",\"position\":2,\"name\":\"Maradune\"}]},{\"@type\":\"WebSite\",\"@id\":\"https:\\\/\\\/venez-decrocher-la-dune.fr\\\/#website\",\"url\":\"https:\\\/\\\/venez-decrocher-la-dune.fr\\\/\",\"name\":\"Venez d\u00e9crocher la dune\",\"description\":\"Trail, randonn\u00e9e et semi-marathon entre dunes et havres\",\"publisher\":{\"@id\":\"https:\\\/\\\/venez-decrocher-la-dune.fr\\\/#organization\"},\"potentialAction\":[{\"@type\":\"SearchAction\",\"target\":{\"@type\":\"EntryPoint\",\"urlTemplate\":\"https:\\\/\\\/venez-decrocher-la-dune.fr\\\/?s={search_term_string}\"},\"query-input\":{\"@type\":\"PropertyValueSpecification\",\"valueRequired\":true,\"valueName\":\"search_term_string\"}}],\"inLanguage\":\"fr-FR\"},{\"@type\":\"Organization\",\"@id\":\"https:\\\/\\\/venez-decrocher-la-dune.fr\\\/#organization\",\"name\":\"Venez d\u00e9crocher la dune\",\"url\":\"https:\\\/\\\/venez-decrocher-la-dune.fr\\\/\",\"logo\":{\"@type\":\"ImageObject\",\"inLanguage\":\"fr-FR\",\"@id\":\"https:\\\/\\\/venez-decrocher-la-dune.fr\\\/#\\\/schema\\\/logo\\\/image\\\/\",\"url\":\"https:\\\/\\\/venez-decrocher-la-dune.fr\\\/wp-content\\\/uploads\\\/2019\\\/11\\\/cropped-logobleu.-2.jpg\",\"contentUrl\":\"https:\\\/\\\/venez-decrocher-la-dune.fr\\\/wp-content\\\/uploads\\\/2019\\\/11\\\/cropped-logobleu.-2.jpg\",\"width\":3507,\"height\":1658,\"caption\":\"Venez d\u00e9crocher la dune\"},\"image\":{\"@id\":\"https:\\\/\\\/venez-decrocher-la-dune.fr\\\/#\\\/schema\\\/logo\\\/image\\\/\"}}]}<\/script>\n<!-- \/ Yoast SEO plugin. -->","yoast_head_json":{"title":"Maradune - Venez d\u00e9crocher la dune","robots":{"index":"index","follow":"follow","max-snippet":"max-snippet:-1","max-image-preview":"max-image-preview:large","max-video-preview":"max-video-preview:-1"},"canonical":"https:\/\/venez-decrocher-la-dune.fr\/?page_id=3157","og_locale":"fr_FR","og_type":"article","og_title":"Maradune - Venez d\u00e9crocher la dune","og_description":"0 Kilom\u00e8tres Pour ceux qui ont envie de r\u00e9aliser une course longue, seul ou en \u00e9quipe dans une ambiance conviviale et festive sur une distance marathon mais avec un format trail tr\u00e8s roulant et au rev\u00eatement vari\u00e9.\u00a0 4 boucles \u00e0 r\u00e9aliser entre dunes, chemins, plage et routes.\u00a0 Possibilit\u00e9 de le faire en duo 2x21km Mais&hellip; Lire la suite","og_url":"https:\/\/venez-decrocher-la-dune.fr\/?page_id=3157","og_site_name":"Venez d\u00e9crocher la dune","article_modified_time":"2024-02-18T18:45:01+00:00","og_image":[{"url":"https:\/\/venez-decrocher-la-dune.fr\/wp-content\/uploads\/2024\/02\/Maradune-logo-2-768x543.jpg","type":"","width":"","height":""}],"twitter_card":"summary_large_image","twitter_misc":{"Dur\u00e9e de lecture estim\u00e9e":"2 minutes"},"schema":{"@context":"https:\/\/schema.org","@graph":[{"@type":"WebPage","@id":"https:\/\/venez-decrocher-la-dune.fr\/?page_id=3157","url":"https:\/\/venez-decrocher-la-dune.fr\/?page_id=3157","name":"Maradune - Venez d\u00e9crocher la dune","isPartOf":{"@id":"https:\/\/venez-decrocher-la-dune.fr\/#website"},"primaryImageOfPage":{"@id":"https:\/\/venez-decrocher-la-dune.fr\/?page_id=3157#primaryimage"},"image":{"@id":"https:\/\/venez-decrocher-la-dune.fr\/?page_id=3157#primaryimage"},"thumbnailUrl":"https:\/\/venez-decrocher-la-dune.fr\/wp-content\/uploads\/2024\/02\/Maradune-logo-2-768x543.jpg","datePublished":"2024-02-12T12:00:36+00:00","dateModified":"2024-02-18T18:45:01+00:00","breadcrumb":{"@id":"https:\/\/venez-decrocher-la-dune.fr\/?page_id=3157#breadcrumb"},"inLanguage":"fr-FR","potentialAction":[{"@type":"ReadAction","target":["https:\/\/venez-decrocher-la-dune.fr\/?page_id=3157"]}]},{"@type":"ImageObject","inLanguage":"fr-FR","@id":"https:\/\/venez-decrocher-la-dune.fr\/?page_id=3157#primaryimage","url":"https:\/\/venez-decrocher-la-dune.fr\/wp-content\/uploads\/2024\/02\/Maradune-logo-2.jpg","contentUrl":"https:\/\/venez-decrocher-la-dune.fr\/wp-content\/uploads\/2024\/02\/Maradune-logo-2.jpg","width":1191,"height":842},{"@type":"BreadcrumbList","@id":"https:\/\/venez-decrocher-la-dune.fr\/?page_id=3157#breadcrumb","itemListElement":[{"@type":"ListItem","position":1,"name":"Accueil","item":"https:\/\/venez-decrocher-la-dune.fr\/"},{"@type":"ListItem","position":2,"name":"Maradune"}]},{"@type":"WebSite","@id":"https:\/\/venez-decrocher-la-dune.fr\/#website","url":"https:\/\/venez-decrocher-la-dune.fr\/","name":"Venez d\u00e9crocher la dune","description":"Trail, randonn\u00e9e et semi-marathon entre dunes et havres","publisher":{"@id":"https:\/\/venez-decrocher-la-dune.fr\/#organization"},"potentialAction":[{"@type":"SearchAction","target":{"@type":"EntryPoint","urlTemplate":"https:\/\/venez-decrocher-la-dune.fr\/?s={search_term_string}"},"query-input":{"@type":"PropertyValueSpecification","valueRequired":true,"valueName":"search_term_string"}}],"inLanguage":"fr-FR"},{"@type":"Organization","@id":"https:\/\/venez-decrocher-la-dune.fr\/#organization","name":"Venez d\u00e9crocher la dune","url":"https:\/\/venez-decrocher-la-dune.fr\/","logo":{"@type":"ImageObject","inLanguage":"fr-FR","@id":"https:\/\/venez-decrocher-la-dune.fr\/#\/schema\/logo\/image\/","url":"https:\/\/venez-decrocher-la-dune.fr\/wp-content\/uploads\/2019\/11\/cropped-logobleu.-2.jpg","contentUrl":"https:\/\/venez-decrocher-la-dune.fr\/wp-content\/uploads\/2019\/11\/cropped-logobleu.-2.jpg","width":3507,"height":1658,"caption":"Venez d\u00e9crocher la dune"},"image":{"@id":"https:\/\/venez-decrocher-la-dune.fr\/#\/schema\/logo\/image\/"}}]}},"_links":{"self":[{"href":"https:\/\/venez-decrocher-la-dune.fr\/index.php?rest_route=\/wp\/v2\/pages\/3157","targetHints":{"allow":["GET"]}}],"collection":[{"href":"https:\/\/venez-decrocher-la-dune.fr\/index.php?rest_route=\/wp\/v2\/pages"}],"about":[{"href":"https:\/\/venez-decrocher-la-dune.fr\/index.php?rest_route=\/wp\/v2\/types\/page"}],"author":[{"embeddable":true,"href":"https:\/\/venez-decrocher-la-dune.fr\/index.php?rest_route=\/wp\/v2\/users\/1"}],"replies":[{"embeddable":true,"href":"https:\/\/venez-decrocher-la-dune.fr\/index.php?rest_route=%2Fwp%2Fv2%2Fcomments&post=3157"}],"version-history":[{"count":19,"href":"https:\/\/venez-decrocher-la-dune.fr\/index.php?rest_route=\/wp\/v2\/pages\/3157\/revisions"}],"predecessor-version":[{"id":3251,"href":"https:\/\/venez-decrocher-la-dune.fr\/index.php?rest_route=\/wp\/v2\/pages\/3157\/revisions\/3251"}],"wp:attachment":[{"href":"https:\/\/venez-decrocher-la-dune.fr\/index.php?rest_route=%2Fwp%2Fv2%2Fmedia&parent=3157"}],"curies":[{"name":"wp","href":"https:\/\/api.w.org\/{rel}","templated":true}]}}